{"id":700,"date":"2024-11-15T10:54:37","date_gmt":"2024-11-15T13:54:37","guid":{"rendered":"https:\/\/marfish.org\/?page_id=700"},"modified":"2024-12-12T22:56:50","modified_gmt":"2024-12-13T01:56:50","slug":"fsa-data-platform","status":"publish","type":"page","link":"https:\/\/marfish.org\/es\/fsa-data-platform\/","title":{"rendered":"Plataforma de Datos ARP"},"content":{"rendered":"<div data-elementor-type=\"wp-page\" data-elementor-id=\"700\" class=\"elementor elementor-700\" data-elementor-post-type=\"page\">\n\t\t\t\t\t\t<section class=\"elementor-section elementor-top-section elementor-element elementor-element-57f17bb elementor-section-height-min-height elementor-section-boxed elementor-section-height-default elementor-section-items-middle\" data-id=\"57f17bb\" data-element_type=\"section\" data-settings=\"{&quot;background_background&quot;:&quot;classic&quot;}\">\n\t\t\t\t\t\t\t<div class=\"elementor-background-overlay\"><\/div>\n\t\t\t\t\t\t\t<div class=\"elementor-container elementor-column-gap-default\">\n\t\t\t\t\t<div class=\"elementor-column elementor-col-100 elementor-top-column elementor-element elementor-element-3583014\" data-id=\"3583014\" data-element_type=\"column\">\n\t\t\t<div class=\"elementor-widget-wrap elementor-element-populated\">\n\t\t\t\t\t\t<div class=\"elementor-element elementor-element-c6c378f elementor-widget elementor-widget-heading\" data-id=\"c6c378f\" data-element_type=\"widget\" data-widget_type=\"heading.default\">\n\t\t\t\t<div class=\"elementor-widget-container\">\n\t\t\t\t\t<h2 class=\"elementor-heading-title elementor-size-default\">PLATAFORMA DE DATOS DE ARP DE MAR FISH<\/h2>\t\t\t\t<\/div>\n\t\t\t\t<\/div>\n\t\t\t\t<div class=\"elementor-element elementor-element-fb5eb2e elementor-widget elementor-widget-text-editor\" data-id=\"fb5eb2e\" data-element_type=\"widget\" data-widget_type=\"text-editor.default\">\n\t\t\t\t<div class=\"elementor-widget-container\">\n\t\t\t\t\t\t\t\t\t<p>La plataforma de datos de ARP de MAR Fish es un recurso regional de datos compartidos que alberga los datos de monitoreo y caracterizaci\u00f3n recopilados de los sitios de agregaci\u00f3n reproductiva de peces (ARP) monitoreados por socios en la regi\u00f3n del arrecife mesoamericano. El objetivo de esta plataforma de datos regional, es establecer un sistema colaborativo y estandarizado para la recopilaci\u00f3n e ingreso de datos de ARP, asegurando una mayor precisi\u00f3n y comparabilidad de los datos en los cuatro pa\u00edses del SAM: M\u00e9xico, Belice, Guatemala y Honduras. La herramienta se basa en el protocolo regional estandarizado de la Red de Agregaciones Reproductivas de Peces para monitorear visualmente especies de peces, incluidos detalles sobre informaci\u00f3n del sitio y datos de especies. La plataforma mejorar\u00e1 la coordinaci\u00f3n regional, la coherencia de los datos y las capacidades anal\u00edticas para respaldar la gesti\u00f3n y protecci\u00f3n efectiva de los sitios de ARP a escala regional.<\/p>\t\t\t\t\t\t\t\t<\/div>\n\t\t\t\t<\/div>\n\t\t\t\t<div class=\"elementor-element elementor-element-0ff073e elementor-align-center elementor-widget elementor-widget-button\" data-id=\"0ff073e\" data-element_type=\"widget\" data-widget_type=\"button.default\">\n\t\t\t\t<div class=\"elementor-widget-container\">\n\t\t\t\t\t\t\t\t\t<div class=\"elementor-button-wrapper\">\n\t\t\t\t\t<a class=\"elementor-button elementor-button-link elementor-size-sm elementor-animation-grow\" href=\"https:\/\/www.agrra.org\/mar-fish-project\/%20\" target=\"_blank\">\n\t\t\t\t\t\t<span class=\"elementor-button-content-wrapper\">\n\t\t\t\t\t\t\t\t\t<span class=\"elementor-button-text\">Acceso directo a la plataforma de datos de ARP<\/span>\n\t\t\t\t\t<\/span>\n\t\t\t\t\t<\/a>\n\t\t\t\t<\/div>\n\t\t\t\t\t\t\t\t<\/div>\n\t\t\t\t<\/div>\n\t\t\t\t<div class=\"elementor-element elementor-element-a770bd7 elementor-invisible elementor-widget elementor-widget-text-editor\" data-id=\"a770bd7\" data-element_type=\"widget\" data-settings=\"{&quot;_animation&quot;:&quot;fadeInUp&quot;}\" data-widget_type=\"text-editor.default\">\n\t\t\t\t<div class=\"elementor-widget-container\">\n\t\t\t\t\t\t\t\t\t<p>Photography by: HRHP<\/p>\t\t\t\t\t\t\t\t<\/div>\n\t\t\t\t<\/div>\n\t\t\t\t\t<\/div>\n\t\t<\/div>\n\t\t\t\t\t<\/div>\n\t\t<\/section>\n\t\t\t\t<\/div>","protected":false},"excerpt":{"rendered":"<p>MAR Fish FSA Data Platform The MAR Fish FSA Data Platform is a regional shared data resource that hosts the monitoring and characterization data collected from fish spawning aggregation sites monitored by partners in the Mesoamerican reef region. The objective of this regional data platform is to establish a collaborative and standardised system for FSA [&hellip;]<\/p>","protected":false},"author":1,"featured_media":0,"parent":0,"menu_order":0,"comment_status":"closed","ping_status":"closed","template":"elementor_header_footer","meta":{"footnotes":""},"class_list":["post-700","page","type-page","status-publish","hentry"],"yoast_head":"<!-- This site is optimized with the Yoast SEO plugin v25.4 - https:\/\/yoast.com\/wordpress\/plugins\/seo\/ -->\n<title>FSA Data Platform - Mar Fish<\/title>\n<meta name=\"robots\" content=\"index, follow, max-snippet:-1, max-image-preview:large, max-video-preview:-1\" \/>\n<link rel=\"canonical\" href=\"https:\/\/marfish.org\/es\/fsa-data-platform\/\" \/>\n<meta property=\"og:locale\" content=\"es_ES\" \/>\n<meta property=\"og:type\" content=\"article\" \/>\n<meta property=\"og:title\" content=\"FSA Data Platform - Mar Fish\" \/>\n<meta property=\"og:description\" content=\"MAR Fish FSA Data Platform The MAR Fish FSA Data Platform is a regional shared data resource that hosts the monitoring and characterization data collected from fish spawning aggregation sites monitored by partners in the Mesoamerican reef region. The objective of this regional data platform is to establish a collaborative and standardised system for FSA [&hellip;]\" \/>\n<meta property=\"og:url\" content=\"https:\/\/marfish.org\/es\/fsa-data-platform\/\" \/>\n<meta property=\"og:site_name\" content=\"Mar Fish\" \/>\n<meta property=\"article:modified_time\" content=\"2024-12-13T01:56:50+00:00\" \/>\n<meta property=\"og:image\" content=\"https:\/\/marfish.org\/wp-content\/uploads\/2024\/08\/marfish-logo_-PNG.png\" \/>\n\t<meta property=\"og:image:width\" content=\"1499\" \/>\n\t<meta property=\"og:image:height\" content=\"389\" \/>\n\t<meta property=\"og:image:type\" content=\"image\/png\" \/>\n<meta name=\"twitter:card\" content=\"summary_large_image\" \/>\n<meta name=\"twitter:label1\" content=\"Tiempo estimado de lectura\" \/>\n\t<meta name=\"twitter:data1\" content=\"1 minuto\" \/>\n<script type=\"application\/ld+json\" class=\"yoast-schema-graph\">{\"@context\":\"https:\/\/schema.org\",\"@graph\":[{\"@type\":\"WebPage\",\"@id\":\"https:\/\/marfish.org\/fsa-data-platform\/\",\"url\":\"https:\/\/marfish.org\/fsa-data-platform\/\",\"name\":\"FSA Data Platform - Mar Fish\",\"isPartOf\":{\"@id\":\"https:\/\/marfish.org\/#website\"},\"datePublished\":\"2024-11-15T13:54:37+00:00\",\"dateModified\":\"2024-12-13T01:56:50+00:00\",\"breadcrumb\":{\"@id\":\"https:\/\/marfish.org\/fsa-data-platform\/#breadcrumb\"},\"inLanguage\":\"es-CL\",\"potentialAction\":[{\"@type\":\"ReadAction\",\"target\":[\"https:\/\/marfish.org\/fsa-data-platform\/\"]}]},{\"@type\":\"BreadcrumbList\",\"@id\":\"https:\/\/marfish.org\/fsa-data-platform\/#breadcrumb\",\"itemListElement\":[{\"@type\":\"ListItem\",\"position\":1,\"name\":\"Portada\",\"item\":\"https:\/\/marfish.org\/\"},{\"@type\":\"ListItem\",\"position\":2,\"name\":\"FSA Data Platform\"}]},{\"@type\":\"WebSite\",\"@id\":\"https:\/\/marfish.org\/#website\",\"url\":\"https:\/\/marfish.org\/\",\"name\":\"Mar Fish\",\"description\":\"The MAR Fish initiative is a collaborative and ecosystem-based regional network that aims to promote the recovery of fisheries by strengthening the protection of fish spawning aggregations (FSAs), critical in the life cycle of commercial fish species\",\"publisher\":{\"@id\":\"https:\/\/marfish.org\/#organization\"},\"potentialAction\":[{\"@type\":\"SearchAction\",\"target\":{\"@type\":\"EntryPoint\",\"urlTemplate\":\"https:\/\/marfish.org\/?s={search_term_string}\"},\"query-input\":{\"@type\":\"PropertyValueSpecification\",\"valueRequired\":true,\"valueName\":\"search_term_string\"}}],\"inLanguage\":\"es-CL\"},{\"@type\":\"Organization\",\"@id\":\"https:\/\/marfish.org\/#organization\",\"name\":\"Mar Fish\",\"url\":\"https:\/\/marfish.org\/\",\"logo\":{\"@type\":\"ImageObject\",\"inLanguage\":\"es-CL\",\"@id\":\"https:\/\/marfish.org\/#\/schema\/logo\/image\/\",\"url\":\"https:\/\/marfish.org\/wp-content\/uploads\/2024\/08\/marfish-logo_-PNG.png\",\"contentUrl\":\"https:\/\/marfish.org\/wp-content\/uploads\/2024\/08\/marfish-logo_-PNG.png\",\"width\":1499,\"height\":389,\"caption\":\"Mar Fish\"},\"image\":{\"@id\":\"https:\/\/marfish.org\/#\/schema\/logo\/image\/\"}}]}<\/script>\n<!-- \/ Yoast SEO plugin. -->","yoast_head_json":{"title":"FSA Data Platform - Mar Fish","robots":{"index":"index","follow":"follow","max-snippet":"max-snippet:-1","max-image-preview":"max-image-preview:large","max-video-preview":"max-video-preview:-1"},"canonical":"https:\/\/marfish.org\/es\/fsa-data-platform\/","og_locale":"es_ES","og_type":"article","og_title":"FSA Data Platform - Mar Fish","og_description":"MAR Fish FSA Data Platform The MAR Fish FSA Data Platform is a regional shared data resource that hosts the monitoring and characterization data collected from fish spawning aggregation sites monitored by partners in the Mesoamerican reef region. The objective of this regional data platform is to establish a collaborative and standardised system for FSA [&hellip;]","og_url":"https:\/\/marfish.org\/es\/fsa-data-platform\/","og_site_name":"Mar Fish","article_modified_time":"2024-12-13T01:56:50+00:00","og_image":[{"width":1499,"height":389,"url":"https:\/\/marfish.org\/wp-content\/uploads\/2024\/08\/marfish-logo_-PNG.png","type":"image\/png"}],"twitter_card":"summary_large_image","twitter_misc":{"Tiempo estimado de lectura":"1 minuto"},"schema":{"@context":"https:\/\/schema.org","@graph":[{"@type":"WebPage","@id":"https:\/\/marfish.org\/fsa-data-platform\/","url":"https:\/\/marfish.org\/fsa-data-platform\/","name":"FSA Data Platform - Mar Fish","isPartOf":{"@id":"https:\/\/marfish.org\/#website"},"datePublished":"2024-11-15T13:54:37+00:00","dateModified":"2024-12-13T01:56:50+00:00","breadcrumb":{"@id":"https:\/\/marfish.org\/fsa-data-platform\/#breadcrumb"},"inLanguage":"es-CL","potentialAction":[{"@type":"ReadAction","target":["https:\/\/marfish.org\/fsa-data-platform\/"]}]},{"@type":"BreadcrumbList","@id":"https:\/\/marfish.org\/fsa-data-platform\/#breadcrumb","itemListElement":[{"@type":"ListItem","position":1,"name":"Portada","item":"https:\/\/marfish.org\/"},{"@type":"ListItem","position":2,"name":"FSA Data Platform"}]},{"@type":"WebSite","@id":"https:\/\/marfish.org\/#website","url":"https:\/\/marfish.org\/","name":"Mar Fish","description":"The MAR Fish initiative is a collaborative and ecosystem-based regional network that aims to promote the recovery of fisheries by strengthening the protection of fish spawning aggregations (FSAs), critical in the life cycle of commercial fish species","publisher":{"@id":"https:\/\/marfish.org\/#organization"},"potentialAction":[{"@type":"SearchAction","target":{"@type":"EntryPoint","urlTemplate":"https:\/\/marfish.org\/?s={search_term_string}"},"query-input":{"@type":"PropertyValueSpecification","valueRequired":true,"valueName":"search_term_string"}}],"inLanguage":"es-CL"},{"@type":"Organization","@id":"https:\/\/marfish.org\/#organization","name":"Mar Fish","url":"https:\/\/marfish.org\/","logo":{"@type":"ImageObject","inLanguage":"es-CL","@id":"https:\/\/marfish.org\/#\/schema\/logo\/image\/","url":"https:\/\/marfish.org\/wp-content\/uploads\/2024\/08\/marfish-logo_-PNG.png","contentUrl":"https:\/\/marfish.org\/wp-content\/uploads\/2024\/08\/marfish-logo_-PNG.png","width":1499,"height":389,"caption":"Mar Fish"},"image":{"@id":"https:\/\/marfish.org\/#\/schema\/logo\/image\/"}}]}},"_links":{"self":[{"href":"https:\/\/marfish.org\/es\/wp-json\/wp\/v2\/pages\/700","targetHints":{"allow":["GET"]}}],"collection":[{"href":"https:\/\/marfish.org\/es\/wp-json\/wp\/v2\/pages"}],"about":[{"href":"https:\/\/marfish.org\/es\/wp-json\/wp\/v2\/types\/page"}],"author":[{"embeddable":true,"href":"https:\/\/marfish.org\/es\/wp-json\/wp\/v2\/users\/1"}],"replies":[{"embeddable":true,"href":"https:\/\/marfish.org\/es\/wp-json\/wp\/v2\/comments?post=700"}],"version-history":[{"count":10,"href":"https:\/\/marfish.org\/es\/wp-json\/wp\/v2\/pages\/700\/revisions"}],"predecessor-version":[{"id":909,"href":"https:\/\/marfish.org\/es\/wp-json\/wp\/v2\/pages\/700\/revisions\/909"}],"wp:attachment":[{"href":"https:\/\/marfish.org\/es\/wp-json\/wp\/v2\/media?parent=700"}],"curies":[{"name":"wp","href":"https:\/\/api.w.org\/{rel}","templated":true}]}}